{"id":38,"date":"2022-11-21T17:18:13","date_gmt":"2022-11-21T15:18:13","guid":{"rendered":"https:\/\/elbosquet.com\/?page_id=38"},"modified":"2022-12-27T10:32:23","modified_gmt":"2022-12-27T08:32:23","slug":"precios","status":"publish","type":"page","link":"https:\/\/elbosquet.com\/es\/precios\/","title":{"rendered":"PRECIOS"},"content":{"rendered":"<div class=\"fusion-fullwidth fullwidth-box fusion-builder-row-1 fusion-flex-container nonhundred-percent-fullwidth non-hundred-percent-height-scrolling\" style=\"background-color: rgba(255,255,255,0);background-position: center center;background-repeat: no-repeat;border-width: 0px 0px 0px 0px;border-color:#e2e2e2;border-style:solid;\" ><div class=\"fusion-builder-row fusion-row fusion-flex-align-items-flex-start\" style=\"max-width:1248px;margin-left: calc(-4% \/ 2 );margin-right: calc(-4% \/ 2 );\"><div class=\"fusion-layout-column fusion_builder_column fusion-builder-column-0 fusion_builder_column_1_1 1_1 fusion-flex-column\"><div class=\"fusion-column-wrapper fusion-flex-justify-content-flex-start fusion-content-layout-column\" style=\"background-position:left top;background-repeat:no-repeat;-webkit-background-size:cover;-moz-background-size:cover;-o-background-size:cover;background-size:cover;padding: 0px 0px 0px 0px;\"><style type=\"text\/css\">@media only screen and (max-width:1024px) {.fusion-title.fusion-title-1{margin-top:10px!important; margin-right:0px!important;margin-bottom:15px!important;margin-left:0px!important;}}@media only screen and (max-width:640px) {.fusion-title.fusion-title-1{margin-top:10px!important; margin-right:0px!important;margin-bottom:10px!important; margin-left:0px!important;}}<\/style><div class=\"fusion-title title fusion-title-1 fusion-sep-none fusion-title-text fusion-title-size-one\" style=\"margin-top:10px;margin-right:0px;margin-bottom:15px;margin-left:0px;\"><h1 class=\"title-heading-left\" style=\"margin:0;color:#568c11;\"><h1><span style=\"color: #568c11;\">PRECIOS ORIENTATIVOS<\/span><\/h1><\/h1><\/div><div class=\"fusion-text fusion-text-1\"><p>Fin de semana desde : 900 \u20ac<\/p>\n<p>Una semana desde: 2.430 \u20ac<\/p>\n<p>\u00a0** El precio no incluye la tasa tur\u00edstica que es 1,10 \u20ac por persona y noche (s\u00f3lo adultos)<\/p>\n<p>El precio incluye servicio de sabanas y toallas.<\/p>\n<p>Consultar precios por fines de semana especiales.<\/p>\n<p>\u00a0<\/p>\n<h1><span style=\"color: #568c11;\">NORMATIVA DEL ESTABLECIMIENTO<\/span><\/h1>\n<p>La ocupaci\u00f3n temporal del contrato de alojamiento otorga el derecho al uso de sus dependencias y accesorios, en el uso de adornos de casa expresamente destinados al uso de los hu\u00e9spedes.<\/p>\n<p>El cliente\/usuario de la propiedad se compromete a entregarlos en condiciones id\u00e9nticas que usted reciba, tanto la vivienda tur\u00edstica como sus muebles y art\u00edculos para el hogar, y su responsabilidad por el reemplazo de la p\u00e9rdida, da\u00f1o o deterioro que pueda ser atribuible.<\/p>\n<p>Al mismo tiempo, el cliente es responsable de cualquier objeto o propiedad personal depositado en el alojamiento durante su estancia, y por lo tanto la propiedad no es responsable de la p\u00e9rdida, desaparici\u00f3n o robo.<\/p>\n<p>No se permite el alojamiento y el acceso a la casa a un n\u00famero de personas en la capacidad especificada en el contrato de alquiler. Si el n\u00famero de personas acordadas en el documento para reservar aumenta, el precio del libro tambi\u00e9n se incrementar\u00e1.<\/p>\n<p>Deben respetarse los siguientes t\u00e9rminos y condiciones. De lo contrario, la propiedad se reserva el derecho de cancelar la reserva inmediatamente o quedarse en la casa, y al consiguiente desempleo inmediato, sin devoluci\u00f3n de la cantidad total de dinero.<\/p>\n<p>El precio total del alojamiento de alquiler est\u00e1 obligado a pagar de la siguiente manera:<\/p>\n<p style=\"padding-left: 40px;\">a) dep\u00f3sito: la reserva no ser\u00e1 efectiva hasta que el cliente haya efectuado el pago del 30% del precio total de la estancia, lo que aportar\u00e1 al mismo tiempo la aceptaci\u00f3n de estas condiciones contractuales.<\/p>\n<p style=\"padding-left: 40px;\">b) el resto del pago de la estancia 7 d\u00edas antes de la entrada a la casa, el cliente deber\u00e1 pagar el importe total de la reserva mediante transferencia o Bizum. Tambi\u00e9n debe hacer la cantidad correspondiente al impuesto tur\u00edstico.<\/p>\n<p style=\"padding-left: 40px;\">c) dep\u00f3sito: se pagar\u00e1 una cantidad de 250 \u20ac como dep\u00f3sito en respuesta a posibles da\u00f1os de muebles y\/o equipos, instalaciones y equipo de la casa, limpieza o falta de cualquier ropa (s\u00e1banas, mantas, toallas) o electrodom\u00e9sticos en la casa. El importe de este dep\u00f3sito se reembolsar\u00e1 48 h despu\u00e9s de hacer registro de salida una vez comprobado que no se han producido desperfectos ni da\u00f1os. En el caso de que el propietario detecte cualquier da\u00f1o, mal estado, regulaciones de incumplimiento, etc. la correspondiente evaluaci\u00f3n y se deducir\u00e1 del dep\u00f3sito de garant\u00eda. En el caso de que la cuant\u00eda de los da\u00f1os, sanciones o compensaciones fueran superiores al dep\u00f3sito, el cliente est\u00e1 obligado a abonar la diferencia.<\/p>\n<p style=\"padding-left: 40px;\">El d\u00eda de salida debe salir con las mismas condiciones de orden y limpieza que ha encontrado la casa, en caso de no ser as\u00ed, se aplicar\u00e1 un recargo.<\/p>\n<p style=\"padding-left: 40px;\">d) condiciones de cancelaci\u00f3n de la reserva: en caso de cancelaci\u00f3n de la reserva es necesario notificar al titular del establecimiento de forma fiable.<\/p>\n<ul>\n<li style=\"list-style-type: none;\">\n<ul>\n<li>Cancelaci\u00f3n 15 d\u00edas o m\u00e1s antes de la fecha de llegada el dep\u00f3sito no es reembolsable, ser\u00e1 reservado durante 6 meses a partir de la fecha de cancelaci\u00f3n para una nueva reserva.<\/li>\n<li>Cancelaci\u00f3n 7 d\u00edas antes de la fecha de llegada por motivo justificado de fuerza mayor el importe ser\u00e1 reservado para una nueva reserva con una validez de 6 meses, si no hay motivo justificado p\u00e9rdida total del dep\u00f3sito.<\/li>\n<\/ul>\n<\/li>\n<\/ul>\n<p>\u00a0<\/p>\n<p>En el momento de la entrada el cliente firm\u00f3 el contrato de alquiler, pagar el dep\u00f3sito se hace obligatorio y el resto del importe total de la estancia y el impuesto tur\u00edstico como se especifica anteriormente.<\/p>\n<p>\u00a0<\/p>\n<p>A la llegada es necesario llevar a cabo la identificaci\u00f3n de todos los usuarios a trav\u00e9s de un documento que acredite su identidad lo suficiente (DNI). El documento ser\u00e1 devuelto inmediatamente. El establecimiento debe llevar el registro de los usuarios alojados y enviar a la polic\u00eda la informaci\u00f3n relacionada con la estancia de las personas que se alojan, de acuerdo con los reglamentos de seguridad p\u00fablica aplicables a todos los establecimientos Impuesto tur\u00edstico.<\/p>\n<p>\u00a0<\/p>\n<p>La entrada a la casa el d\u00eda de llegada es de 16:00 a 21:00 y el d\u00eda de salida debe hacerse antes de 12:00 h. Debe especificar las horas con el propietario.<\/p>\n<p>\u00a0<\/p>\n<p>El establecimiento ha adoptado medidas COVID, y la forma de pago y identificaci\u00f3n se har\u00e1n de forma distinta para evitar el m\u00e1ximo contacto.<\/p>\n<p>\u00a0<\/p>\n<p>A tener en cuenta:\u00a0<\/p>\n<ul>\n<li>La vivienda se alquila entera por un m\u00ednimo de 6 y un m\u00e1ximo de 10 personas.<\/li>\n<li>Estancia m\u00ednima dos noches.<\/li>\n<li>No se aceptan animales de compa\u00f1\u00eda.<\/li>\n<li>Prohibido fumar al interior de todo el alojamiento.<\/li>\n<li>No se alquila el alojamiento para hacer fiestas.<\/li>\n<\/ul>\n<p><!-- \/wp:post-content --><!-- wp:paragraph --><\/p>\n<p><!-- \/wp:paragraph --><!-- wp:paragraph --><\/p>\n<p><!-- \/wp:paragraph --><!-- wp:paragraph --><\/p>\n<p><!-- \/wp:paragraph --><!-- wp:paragraph --><\/p>\n<p><!-- \/wp:paragraph --><!-- wp:paragraph --><\/p>\n<\/div><\/div><style type=\"text\/css\">.fusion-body .fusion-builder-column-0{width:100% !important;margin-top : 0px;margin-bottom : 0px;}.fusion-builder-column-0 > .fusion-column-wrapper {padding-top : 0px !important;padding-right : 0px !important;margin-right : 1.92%;padding-bottom : 0px !important;padding-left : 0px !important;margin-left : 1.92%;}@media only screen and (max-width:1024px) {.fusion-body .fusion-builder-column-0{width:100% !important;}.fusion-builder-column-0 > .fusion-column-wrapper {margin-right : 1.92%;margin-left : 1.92%;}}@media only screen and (max-width:640px) {.fusion-body .fusion-builder-column-0{width:100% !important;}.fusion-builder-column-0 > .fusion-column-wrapper {margin-right : 1.92%;margin-left : 1.92%;}}<\/style><\/div><\/div><style type=\"text\/css\">.fusion-body .fusion-flex-container.fusion-builder-row-1{ padding-top : 0px;margin-top : 0px;padding-right : 0px;padding-bottom : 0px;margin-bottom : 0px;padding-left : 0px;}<\/style><\/div>","protected":false},"excerpt":{"rendered":"","protected":false},"author":1,"featured_media":0,"parent":0,"menu_order":0,"comment_status":"closed","ping_status":"closed","template":"100-width.php","meta":{"footnotes":""},"class_list":["post-38","page","type-page","status-publish","hentry"],"_links":{"self":[{"href":"https:\/\/elbosquet.com\/es\/wp-json\/wp\/v2\/pages\/38","targetHints":{"allow":["GET"]}}],"collection":[{"href":"https:\/\/elbosquet.com\/es\/wp-json\/wp\/v2\/pages"}],"about":[{"href":"https:\/\/elbosquet.com\/es\/wp-json\/wp\/v2\/types\/page"}],"author":[{"embeddable":true,"href":"https:\/\/elbosquet.com\/es\/wp-json\/wp\/v2\/users\/1"}],"replies":[{"embeddable":true,"href":"https:\/\/elbosquet.com\/es\/wp-json\/wp\/v2\/comments?post=38"}],"version-history":[{"count":7,"href":"https:\/\/elbosquet.com\/es\/wp-json\/wp\/v2\/pages\/38\/revisions"}],"predecessor-version":[{"id":2284,"href":"https:\/\/elbosquet.com\/es\/wp-json\/wp\/v2\/pages\/38\/revisions\/2284"}],"wp:attachment":[{"href":"https:\/\/elbosquet.com\/es\/wp-json\/wp\/v2\/media?parent=38"}],"curies":[{"name":"wp","href":"https:\/\/api.w.org\/{rel}","templated":true}]}}