{"id":35,"date":"2022-11-21T18:02:26","date_gmt":"2022-11-21T16:02:26","guid":{"rendered":"https:\/\/elbosquet.com\/?page_id=35"},"modified":"2022-12-27T10:32:23","modified_gmt":"2022-12-27T08:32:23","slug":"los-entornos","status":"publish","type":"page","link":"https:\/\/elbosquet.com\/es\/los-entornos\/","title":{"rendered":"LOS ENTORNOS"},"content":{"rendered":"<div class=\"fusion-fullwidth fullwidth-box fusion-builder-row-1 fusion-flex-container nonhundred-percent-fullwidth non-hundred-percent-height-scrolling\" style=\"background-color: rgba(255,255,255,0);background-position: center center;background-repeat: no-repeat;border-width: 0px 0px 0px 0px;border-color:#e2e2e2;border-style:solid;\" ><div class=\"fusion-builder-row fusion-row fusion-flex-align-items-flex-start\" style=\"max-width:1248px;margin-left: calc(-4% \/ 2 );margin-right: calc(-4% \/ 2 );\"><div class=\"fusion-layout-column fusion_builder_column fusion-builder-column-0 fusion_builder_column_1_1 1_1 fusion-flex-column\"><div class=\"fusion-column-wrapper fusion-flex-justify-content-flex-start fusion-content-layout-column\" style=\"background-position:left top;background-repeat:no-repeat;-webkit-background-size:cover;-moz-background-size:cover;-o-background-size:cover;background-size:cover;padding: 0px 0px 0px 0px;\"><style type=\"text\/css\">@media only screen and (max-width:1024px) {.fusion-title.fusion-title-1{margin-top:10px!important; margin-right:0px!important;margin-bottom:15px!important;margin-left:0px!important;}}@media only screen and (max-width:640px) {.fusion-title.fusion-title-1{margin-top:10px!important; margin-right:0px!important;margin-bottom:10px!important; margin-left:0px!important;}}<\/style><div class=\"fusion-title title fusion-title-1 fusion-sep-none fusion-title-text fusion-title-size-one\" style=\"margin-top:10px;margin-right:0px;margin-bottom:15px;margin-left:0px;\"><h1 class=\"title-heading-left\" style=\"margin:0;\"><h1 style=\"text-align: center;\"><span style=\"color: #568c11;\">VEN A DESCUBRIR EL VALLE DE BAS, TIERRA DE REMENCES !!!<\/span><\/h1><\/h1><\/div><\/div><style type=\"text\/css\">.fusion-body .fusion-builder-column-0{width:100% !important;margin-top : 0px;margin-bottom : 0px;}.fusion-builder-column-0 > .fusion-column-wrapper {padding-top : 0px !important;padding-right : 0px !important;margin-right : 1.92%;padding-bottom : 0px !important;padding-left : 0px !important;margin-left : 1.92%;}@media only screen and (max-width:1024px) {.fusion-body .fusion-builder-column-0{width:100% !important;}.fusion-builder-column-0 > .fusion-column-wrapper {margin-right : 1.92%;margin-left : 1.92%;}}@media only screen and (max-width:640px) {.fusion-body .fusion-builder-column-0{width:100% !important;}.fusion-builder-column-0 > .fusion-column-wrapper {margin-right : 1.92%;margin-left : 1.92%;}}<\/style><\/div><div class=\"fusion-layout-column fusion_builder_column fusion-builder-column-1 fusion_builder_column_1_2 1_2 fusion-flex-column\"><div class=\"fusion-column-wrapper fusion-flex-justify-content-flex-start fusion-content-layout-column\" style=\"background-position:left top;background-repeat:no-repeat;-webkit-background-size:cover;-moz-background-size:cover;-o-background-size:cover;background-size:cover;padding: 0px 0px 0px 0px;\"><div class=\"fusion-text fusion-text-1\"><h2>Descubre los pueblos del\u00a0 Valle ( + info:\u00a0<a href=\"http:\/\/www.vallbas.cat\/\" target=\"_blank\" rel=\"noreferrer noopener\">vallbas.cat<\/a>)<\/h2>\n<ul>\n<li>Hostalets d\u2019en Bas<\/li>\n<li>Sant Esteve d\u2019en Bas<\/li>\n<li>Joanetes<\/li>\n<li>Puigpardines<\/li>\n<li>Sant Privat d\u2019en Bas<\/li>\n<li>El Mallol<\/li>\n<li>La Pinya<\/li>\n<\/ul>\n<p><!-- \/wp:post-content --><\/p>\n<p>&nbsp;<\/p>\n<p><!-- wp:paragraph --><\/p>\n<p><em>Si quieres lo puedes hacer con la aplicaci\u00f3n m\u00f3vil Bas de Magia, para m\u00e1s informaci\u00f3n <a href=\"http:\/\/www.basdemagia.cat\" target=\"_blank\" rel=\"noopener\">www.basdemagia.cat<\/a><\/em><\/p>\n<p><!-- \/wp:paragraph --><\/p>\n<p>&nbsp;<\/p>\n<p><!-- wp:list --><\/p>\n<h2>Rutas por la Valle de\u00a0 Bas<\/h2>\n<ul>\n<li>Puigsacalm<\/li>\n<li>Salt del Roure<\/li>\n<li>Salt de Sallent<\/li>\n<li>Falgars<\/li>\n<li>Santa Magdalena<\/li>\n<li>Les Olletes<\/li>\n<li>Fontanills<\/li>\n<li>Gorga Blava<\/li>\n<li>Sant Miquel de Falgars<\/li>\n<li>Sant Quint\u00ed<\/li>\n<li>Sant Joan dels Balbs<\/li>\n<li>Dels Hostalets a Sant Esteve<\/li>\n<li>Rac\u00f3 del Grau<\/li>\n<li>Salt del Roure<\/li>\n<li>De la Pinya a Sant Joan dels Balbs<\/li>\n<li>De La Pinya a Sant Valent\u00ed<\/li>\n<li>Sant Miquel de Castell\u00f3 i Falgars<\/li>\n<\/ul>\n<p><i>Pots trobar informaci\u00f3 d\u2019aquestes rutes a\u00a0<a href=\"http:\/\/www.vallbas.cat\/turisme\/que-fer-2\/rutes-a-peu-i-en-btt\/\">http:\/\/www.vallbas.cat\/turisme\/que-fer-2\/rutes-a-peu-i-en-btt\/<\/a><\/i><\/p>\n<p>&nbsp;<\/p>\n<h2>Con bicicleta<\/h2>\n<ul>\n<li>Vies Verdes \u2013 Bici-Carril (Olot-Girona).<\/li>\n<\/ul>\n<p><i>M\u00e1s informaci\u00f3n de rutas a:\u00a0<a href=\"http:\/\/www.viesverdes.cat\/rutes\/\">http:\/\/www.viesverdes.cat\/rutes\/<\/a><\/i><\/p>\n<p>&nbsp;<\/p>\n<h2>Atractivos de la comarca:<\/h2>\n<ul>\n<li>Zona Volcanica de la Garrotxa (Fageda d\u2019en Jord\u00e0, volcan Croscat, Volcan Santa Margarida,\u2026)<\/li>\n<li>Mirador dels Volcans (\u00e0rea recreativa de Xenacs)<\/li>\n<li>Parc de Pedra Tosca<\/li>\n<li>Besal\u00fa<\/li>\n<li>Castellfollit de la Roca<\/li>\n<li>Sant Joan les Fonts<\/li>\n<li>Vall de Bianya<\/li>\n<li>Olot<\/li>\n<li>Santa Pau<\/li>\n<li>Sant Feliu de Pallerols<\/li>\n<li>Les Planes d\u2019Hostoles<\/li>\n<\/ul>\n<\/div><\/div><style type=\"text\/css\">.fusion-body .fusion-builder-column-1{width:50% !important;margin-top : 0px;margin-bottom : 0px;}.fusion-builder-column-1 > .fusion-column-wrapper {padding-top : 0px !important;padding-right : 0px !important;margin-right : 3.84%;padding-bottom : 0px !important;padding-left : 0px !important;margin-left : 3.84%;}@media only screen and (max-width:1024px) {.fusion-body .fusion-builder-column-1{width:50% !important;}.fusion-builder-column-1 > .fusion-column-wrapper {margin-right : 3.84%;margin-left : 3.84%;}}@media only screen and (max-width:640px) {.fusion-body .fusion-builder-column-1{width:100% !important;}.fusion-builder-column-1 > .fusion-column-wrapper {margin-right : 1.92%;margin-left : 1.92%;}}<\/style><\/div><div class=\"fusion-layout-column fusion_builder_column fusion-builder-column-2 fusion_builder_column_1_2 1_2 fusion-flex-column\"><div class=\"fusion-column-wrapper fusion-flex-justify-content-flex-start fusion-content-layout-column\" style=\"background-position:left top;background-repeat:no-repeat;-webkit-background-size:cover;-moz-background-size:cover;-o-background-size:cover;background-size:cover;padding: 0px 0px 0px 0px;\"><div class=\"fusion-separator fusion-full-width-sep\" style=\"align-self: center;margin-left: auto;margin-right: auto;margin-top:80px;width:100%;\"><\/div><div ><span class=\" fusion-imageframe imageframe-dropshadow imageframe-1 hover-type-none\" style=\"-webkit-box-shadow: 3px 3px 7px rgba(0,0,0,0.3);box-shadow: 3px 3px 7px rgba(0,0,0,0.3);\"><img decoding=\"async\" width=\"1400\" height=\"1050\" title=\"exterior 18\" src=\"https:\/\/elbosquet.com\/wp-content\/uploads\/2022\/11\/exterior-18.jpg\" alt class=\"img-responsive wp-image-2145\" srcset=\"https:\/\/elbosquet.com\/wp-content\/uploads\/2022\/11\/exterior-18-200x150.jpg 200w, https:\/\/elbosquet.com\/wp-content\/uploads\/2022\/11\/exterior-18-400x300.jpg 400w, https:\/\/elbosquet.com\/wp-content\/uploads\/2022\/11\/exterior-18-600x450.jpg 600w, https:\/\/elbosquet.com\/wp-content\/uploads\/2022\/11\/exterior-18-800x600.jpg 800w, https:\/\/elbosquet.com\/wp-content\/uploads\/2022\/11\/exterior-18-1200x900.jpg 1200w, https:\/\/elbosquet.com\/wp-content\/uploads\/2022\/11\/exterior-18.jpg 1400w\" sizes=\"(max-width: 640px) 100vw, 600px\" \/><\/span><\/div><\/div><style type=\"text\/css\">.fusion-body .fusion-builder-column-2{width:50% !important;margin-top : 0px;margin-bottom : 0px;}.fusion-builder-column-2 > .fusion-column-wrapper {padding-top : 0px !important;padding-right : 0px !important;margin-right : 3.84%;padding-bottom : 0px !important;padding-left : 0px !important;margin-left : 3.84%;}@media only screen and (max-width:1024px) {.fusion-body .fusion-builder-column-2{width:50% !important;}.fusion-builder-column-2 > .fusion-column-wrapper {margin-right : 3.84%;margin-left : 3.84%;}}@media only screen and (max-width:640px) {.fusion-body .fusion-builder-column-2{width:100% !important;}.fusion-builder-column-2 > .fusion-column-wrapper {margin-right : 1.92%;margin-left : 1.92%;}}<\/style><\/div><\/div><style type=\"text\/css\">.fusion-body .fusion-flex-container.fusion-builder-row-1{ padding-top : 0px;margin-top : 0px;padding-right : 0px;padding-bottom : 0px;margin-bottom : 0px;padding-left : 0px;}<\/style><\/div>","protected":false},"excerpt":{"rendered":"","protected":false},"author":1,"featured_media":0,"parent":0,"menu_order":0,"comment_status":"closed","ping_status":"closed","template":"100-width.php","meta":{"footnotes":""},"class_list":["post-35","page","type-page","status-publish","hentry"],"_links":{"self":[{"href":"https:\/\/elbosquet.com\/es\/wp-json\/wp\/v2\/pages\/35","targetHints":{"allow":["GET"]}}],"collection":[{"href":"https:\/\/elbosquet.com\/es\/wp-json\/wp\/v2\/pages"}],"about":[{"href":"https:\/\/elbosquet.com\/es\/wp-json\/wp\/v2\/types\/page"}],"author":[{"embeddable":true,"href":"https:\/\/elbosquet.com\/es\/wp-json\/wp\/v2\/users\/1"}],"replies":[{"embeddable":true,"href":"https:\/\/elbosquet.com\/es\/wp-json\/wp\/v2\/comments?post=35"}],"version-history":[{"count":9,"href":"https:\/\/elbosquet.com\/es\/wp-json\/wp\/v2\/pages\/35\/revisions"}],"predecessor-version":[{"id":2304,"href":"https:\/\/elbosquet.com\/es\/wp-json\/wp\/v2\/pages\/35\/revisions\/2304"}],"wp:attachment":[{"href":"https:\/\/elbosquet.com\/es\/wp-json\/wp\/v2\/media?parent=35"}],"curies":[{"name":"wp","href":"https:\/\/api.w.org\/{rel}","templated":true}]}}