{"id":2341,"date":"2022-11-29T17:13:33","date_gmt":"2022-11-29T15:13:33","guid":{"rendered":"https:\/\/elbosquet.com\/avis-legal\/"},"modified":"2022-12-27T10:32:23","modified_gmt":"2022-12-27T08:32:23","slug":"avis-legal","status":"publish","type":"page","link":"https:\/\/elbosquet.com\/es\/avis-legal\/","title":{"rendered":"Av\u00eds legal"},"content":{"rendered":"<div class=\"fusion-fullwidth fullwidth-box fusion-builder-row-1 fusion-flex-container nonhundred-percent-fullwidth non-hundred-percent-height-scrolling\" style=\"background-color: rgba(255,255,255,0);background-position: center center;background-repeat: no-repeat;border-width: 0px 0px 0px 0px;border-color:#e2e2e2;border-style:solid;\" ><div class=\"fusion-builder-row fusion-row fusion-flex-align-items-flex-start\" style=\"max-width:1248px;margin-left: calc(-4% \/ 2 );margin-right: calc(-4% \/ 2 );\"><div class=\"fusion-layout-column fusion_builder_column fusion-builder-column-0 fusion_builder_column_1_1 1_1 fusion-flex-column\"><div class=\"fusion-column-wrapper fusion-flex-justify-content-flex-start fusion-content-layout-column\" style=\"background-position:left top;background-repeat:no-repeat;-webkit-background-size:cover;-moz-background-size:cover;-o-background-size:cover;background-size:cover;padding: 0px 0px 0px 0px;\"><style type=\"text\/css\">@media only screen and (max-width:1024px) {.fusion-title.fusion-title-1{margin-top:10px!important; margin-right:0px!important;margin-bottom:15px!important;margin-left:0px!important;}}@media only screen and (max-width:640px) {.fusion-title.fusion-title-1{margin-top:10px!important; margin-right:0px!important;margin-bottom:10px!important; margin-left:0px!important;}}<\/style><div class=\"fusion-title title fusion-title-1 fusion-sep-none fusion-title-text fusion-title-size-one\" style=\"margin-top:10px;margin-right:0px;margin-bottom:15px;margin-left:0px;\"><h1 class=\"title-heading-left\" style=\"margin:0;color:#568c11;\"><h1><span style=\"color: #568c11;\">AV\u00cdS LEGAL<\/span><\/h1><\/h1><\/div><div class=\"fusion-text fusion-text-1\"><p>En compliment de l\u2019article 10 de la Llei 34\/2002, de 11 de juliol, sobre Serveis de la Societat de la Informaci\u00f3 i Comer\u00e7 Electr\u00f2nic (LSSI-CE), l\u2019informem que el titular de la p\u00e0gina web (en endavant, la \u201cWeb \u201c) \u00e9s M\u00aa Carme Juvanteny Carrera, domiciliada a Mas el Bosquet s\/n \u2013 17178 Puigpardines, amb CIF 77074125k (en endavant, \u201cMAS EL BOSQUET\u201d).<\/p>\n<p>Les comunicacions que es facin necess\u00e0ries entre MAS EL BOSQUET i l\u2019Usuari, hauran fer-se mitjan\u00e7ant l\u2019enviament d\u2019un correu electr\u00f2nic a info@elbosquet.com o b\u00e9 trucant al n\u00famero 972 69 02 32.<\/p>\n<h2 data-fontsize=\"40\" data-lineheight=\"48\">1. Acceptaci\u00f3 de les condicions d\u2019\u00fas<\/h2>\n<p>1.1. Les presents Condicions d\u2019\u00das tenen per finalitat regular la posada a disposici\u00f3 de la informaci\u00f3 i els productes posats a disposici\u00f3 per MAS EL BOSQUET per mitj\u00e0 del web.<\/p>\n<p>1.2. En navegar per la web vost\u00e8 adquireix autom\u00e0ticament la condici\u00f3 d\u2019Usuari (des d\u2019ara, \u201cUn.\u201d O \u201cUsuari\u201d) i accepta sense reserves de cap classe, a totes i cadascuna del present Av\u00eds Legal.<\/p>\n<p>1.3. Per comen\u00e7ar a utilitzar la web no ser\u00e0 necessari que l\u2019Usuari es registri pr\u00e8viament, ni que accepti expressament el present Av\u00eds Legal. No obstant aix\u00f2, l\u2019Usuari \u00e9s conscient que \u00e9s la seva obligaci\u00f3 con\u00e8ixer i respectar el present Av\u00eds Legal i la nostra Pol\u00edtica de Privacitat a partir del moment en qu\u00e8 accedeix a la Web.<\/p>\n<p>1.4. MAS EL BOSQUET podr\u00e0 modificar el present Av\u00eds Legal mitjan\u00e7ant la publicaci\u00f3 d\u2019aquestes modificacions a la web per tal de que puguin ser conegudes pels Usuaris.<\/p>\n<h2 data-fontsize=\"40\" data-lineheight=\"48\">2. Drets de Propietat Intel\u2022lectual i Industrial<\/h2>\n<p>2.1. Tot el contingut del web, incloent a t\u00edtol enunciatiu per\u00f2 no limitatiu la seva programaci\u00f3, edici\u00f3, compilaci\u00f3, dissenys, logotips, imatges, text i gr\u00e0fics, s\u00f3n propietat de MAS EL BOSQUET, trobant protegits per la normativa nacional i internacional sobre propietat intel\u2022lectual. L\u2019acc\u00e9s per part de l\u2019Usuari no li atorga cap dret de propietat a les mateixes.<\/p>\n<p>2.2. Si vost\u00e8. Veu en la web qualsevol contingut que pogu\u00e9s vulnerar drets de propietat intel\u2022lectual i industrial, preguem ho posin en coneixement de MAS EL BOSQUET al m\u00e9s aviat possible, remetent un correu electr\u00f2nic a l\u2019adre\u00e7a info@elbosquet.com<\/p>\n<h2 data-fontsize=\"40\" data-lineheight=\"48\">3. Responsabilitat Civil<\/h2>\n<p>3.1. MAS EL BOSQUET no respondr\u00e0 de cap dany o perjudici que l\u2019Usuari pugui patir com a conseq\u00fc\u00e8ncia de la utilitzaci\u00f3 de la Web quan provi que ha complert les exig\u00e8ncies i dilig\u00e8ncies que exigeix la naturalesa de la Web.<\/p>\n<p>3.2. No controlem, amb car\u00e0cter general, la utilitzaci\u00f3 que els Usuaris fan del Web. En particular, no garantim sota cap extrem que els Usuaris utilitzin la Web i les seves eines de conformitat amb la llei, el present Av\u00eds Legal, la moral i bons costums generalment acceptats i l\u2019ordre p\u00fablic, ni tampoc que ho facin de forma diligent i prudent.<\/p>\n<p>3.3. En el cas que a la web es disposessin enlla\u00e7os o hipervincles cap a altres llocs d\u2019Internet, no exercirem cap tipus de control sobre aquests llocs i continguts. En cap cas assumirem cap responsabilitat pels continguts d\u2019algun enlla\u00e7 pertanyent a un web ali\u00e8, ni garantirem la disponibilitat t\u00e8cnica, qualitat i veracitat de qualsevol material o informaci\u00f3 continguda en els mateixos.<\/p>\n<h2 data-fontsize=\"40\" data-lineheight=\"48\">4. Exclusi\u00f3 de Garantia<\/h2>\n<p>4.1. No garantim que la web s\u2019executi sense interrupcions, en temps \u00fatil, fiable, lliure d\u2019errors o de virus i no ens fem responsable dels possibles danys o perjudicis que es puguin derivar d\u2019interfer\u00e8ncies, omissions, interrupcions, virus inform\u00e0tics o desconnexions en el sistema operatiu d\u2019aquest sistema electr\u00f2nic, motivades per causes alienes a MAS EL BOSQUET.<\/p>\n<p>4.2. \u00c9s responsabilitat de l\u2019Usuari adoptar totes les mesures t\u00e8cniques adequades per controlar raonablement aquests riscos i evitar danys en els seus equips, p\u00e8rdua de dades i robatori d\u2019informaci\u00f3 confidencial. A aquests efectes, ha de tenir sistemes actualitzats de detecci\u00f3 de programari malici\u00f3s, com ara virus, troians, etc., aix\u00ed com tenir actualitzats els pegats de seguretat dels corresponents navegadors que utilitzi.<\/p>\n<h2 data-fontsize=\"40\" data-lineheight=\"48\">5. Obligaci\u00f3 dels Usuaris<\/h2>\n<p>L\u2019Usuari es compromet a:<\/p>\n<p>5.1. Proporcionar a tots els formularis del web dades veraces i a mantenir aquestes dades actualitzades. L\u2019Usuari s\u2019obliga a no utilitzar identitats falses, ni suplantar la identitat d\u2019altres en la utilitzaci\u00f3 de la Web.<\/p>\n<p>5.2. No utilitzar imatges o informaci\u00f3 amb car\u00e0cter difamatori, injuri\u00f3s, obsc\u00e8, amena\u00e7ador, xen\u00f2fob, que inciti a la viol\u00e8ncia a la discriminaci\u00f3 per ra\u00f3 de ra\u00e7a, sexe, ideologia, religi\u00f3 o que de qualsevol forma atempti contra la moral, l\u2019ordre p\u00fablic, els drets fonamentals, les llibertats p\u00fabliques, l\u2019honor, la intimitat o la imatge de tercers i en general la normativa vigent.<\/p>\n<p>5.3. No introduir, emmagatzemar o difondre qualsevol contingut que infringeixi drets de propietat intel\u2022lectual i industrial, el secret de les comunicacions i la legislaci\u00f3 de protecci\u00f3 de dades de car\u00e0cter personal.<\/p>\n<p>5.4. No utilitzar la web per realitzar activitats publicit\u00e0ries, promocionals o d\u2019explotaci\u00f3 comercial.<\/p>\n<p>5.5. No introduir, emmagatzemar o difondre cap programa d\u2019ordinador, dades, virus, codi, equip de maquinari o de telecomunicacions o qualsevol altre instrument o dispositiu electr\u00f2nic o f\u00edsic que sigui susceptible de causar danys en la web o d\u2019impedir el normal funcionament dels mateixos.<\/p>\n<p>5.6. No destruir, alterar, utilitzar per al seu \u00fas, inutilitzar o danyar les dades, informacions, programes o documents electr\u00f2nics de MAS EL BOSQUET, els seus prove\u00efdors o tercers.<\/p>\n<p>5.7. No introduir o difondre qualsevol informaci\u00f3 i continguts falsos, ambigus o inexactes de manera que indueixi a error als receptors de la informaci\u00f3.<\/p>\n<h2 data-fontsize=\"40\" data-lineheight=\"48\">6. Menors d\u2019Edat<\/h2>\n<p>Amb car\u00e0cter general, per a realitzar una compra els menors d\u2019edat han d\u2019haver obtingut pr\u00e8viament l\u2019autoritzaci\u00f3 dels seus pares, tutors o representants legals, que seran responsables de tots els actes realitzats a trav\u00e9s del web pels menors al seu c\u00e0rrec. En aquells serveis en qu\u00e8 expressament s\u2019assenyali o que estigui determinat per llei, l\u2019acc\u00e9s quedar\u00e0 restringit \u00fanica i exclusivament a majors de 18 anys.<\/p>\n<h2 data-fontsize=\"40\" data-lineheight=\"48\">7. Durada i terminaci\u00f3<\/h2>\n<p>La posada a disposici\u00f3 dels productes t\u00e9 una durada indefinida. Sense perjudici de l\u2019anterior, estem facultats per donar per acabada, suspendre o interrompre unilateralment, en qualsevol moment i sense necessitat de preav\u00eds, la comercialitzaci\u00f3 dels nostres productes.<\/p>\n<h2 data-fontsize=\"40\" data-lineheight=\"48\">8. Llei aplicable i jurisdicci\u00f3<\/h2>\n<p>Aquest Av\u00eds Legal es regeix per la llei espanyola. Les parts se sotmeten, a elecci\u00f3, per a la resoluci\u00f3 dels conflictes i amb ren\u00fancia a qualsevol altre fur, als jutjats i tribunals del domicili d\u2019Olot.<\/p>\n<\/div><\/div><style type=\"text\/css\">.fusion-body .fusion-builder-column-0{width:100% !important;margin-top : 0px;margin-bottom : 0px;}.fusion-builder-column-0 > .fusion-column-wrapper {padding-top : 0px !important;padding-right : 0px !important;margin-right : 1.92%;padding-bottom : 0px !important;padding-left : 0px !important;margin-left : 1.92%;}@media only screen and (max-width:1024px) {.fusion-body .fusion-builder-column-0{width:100% !important;}.fusion-builder-column-0 > .fusion-column-wrapper {margin-right : 1.92%;margin-left : 1.92%;}}@media only screen and (max-width:640px) {.fusion-body .fusion-builder-column-0{width:100% !important;}.fusion-builder-column-0 > .fusion-column-wrapper {margin-right : 1.92%;margin-left : 1.92%;}}<\/style><\/div><\/div><style type=\"text\/css\">.fusion-body .fusion-flex-container.fusion-builder-row-1{ padding-top : 0px;margin-top : 0px;padding-right : 0px;padding-bottom : 0px;margin-bottom : 0px;padding-left : 0px;}<\/style><\/div>\n","protected":false},"excerpt":{"rendered":"","protected":false},"author":1,"featured_media":0,"parent":0,"menu_order":0,"comment_status":"closed","ping_status":"closed","template":"","meta":{"footnotes":""},"class_list":["post-2341","page","type-page","status-publish","hentry"],"_links":{"self":[{"href":"https:\/\/elbosquet.com\/es\/wp-json\/wp\/v2\/pages\/2341","targetHints":{"allow":["GET"]}}],"collection":[{"href":"https:\/\/elbosquet.com\/es\/wp-json\/wp\/v2\/pages"}],"about":[{"href":"https:\/\/elbosquet.com\/es\/wp-json\/wp\/v2\/types\/page"}],"author":[{"embeddable":true,"href":"https:\/\/elbosquet.com\/es\/wp-json\/wp\/v2\/users\/1"}],"replies":[{"embeddable":true,"href":"https:\/\/elbosquet.com\/es\/wp-json\/wp\/v2\/comments?post=2341"}],"version-history":[{"count":2,"href":"https:\/\/elbosquet.com\/es\/wp-json\/wp\/v2\/pages\/2341\/revisions"}],"predecessor-version":[{"id":2351,"href":"https:\/\/elbosquet.com\/es\/wp-json\/wp\/v2\/pages\/2341\/revisions\/2351"}],"wp:attachment":[{"href":"https:\/\/elbosquet.com\/es\/wp-json\/wp\/v2\/media?parent=2341"}],"curies":[{"name":"wp","href":"https:\/\/api.w.org\/{rel}","templated":true}]}}